{"id":762,"date":"2019-12-10T14:09:44","date_gmt":"2019-12-10T13:09:44","guid":{"rendered":"http:\/\/profil-gate.pl\/?page_id=762"},"modified":"2024-05-10T13:18:19","modified_gmt":"2024-05-10T11:18:19","slug":"konfiguracja","status":"publish","type":"page","link":"http:\/\/profil-gate.pl\/?page_id=762","title":{"rendered":"Konfiguracja"},"content":{"rendered":"\t\t<div data-elementor-type=\"wp-page\" data-elementor-id=\"762\" class=\"elementor elementor-762\" data-elementor-post-type=\"page\">\n\t\t\t\t\t\t<section class=\"elementor-section elementor-top-section elementor-element elementor-element-9fd9968 elementor-section-boxed elementor-section-height-default elementor-section-height-default\" data-id=\"9fd9968\" data-element_type=\"section\">\n\t\t\t\t\t\t<div class=\"elementor-container elementor-column-gap-default\">\n\t\t\t\t\t<div class=\"elementor-column elementor-col-100 elementor-top-column elementor-element elementor-element-b6a4cfc\" data-id=\"b6a4cfc\" data-element_type=\"column\">\n\t\t\t<div class=\"elementor-widget-wrap elementor-element-populated\">\n\t\t\t\t\t\t<div class=\"elementor-element elementor-element-bf2fcf2 elementor-widget elementor-widget-video\" data-id=\"bf2fcf2\" data-element_type=\"widget\" data-settings=\"{&quot;video_type&quot;:&quot;hosted&quot;,&quot;start&quot;:19,&quot;end&quot;:37,&quot;autoplay&quot;:&quot;yes&quot;,&quot;mute&quot;:&quot;yes&quot;,&quot;controls&quot;:&quot;yes&quot;}\" data-widget_type=\"video.default\">\n\t\t\t\t<div class=\"elementor-widget-container\">\n\t\t\t\t\t\t\t<div class=\"e-hosted-video elementor-wrapper elementor-open-inline\">\n\t\t\t\t\t<video class=\"elementor-video\" src=\"http:\/\/profil-gate.pl\/wp-content\/uploads\/2024\/04\/profilgate-3.mp4#t=19,37\" autoplay=\"\" controls=\"\" muted=\"muted\" controlsList=\"nodownload\"><\/video>\n\t\t\t\t<\/div>\n\t\t\t\t\t\t<\/div>\n\t\t\t\t<\/div>\n\t\t\t\t\t<\/div>\n\t\t<\/div>\n\t\t\t\t\t<\/div>\n\t\t<\/section>\n\t\t\t\t<section class=\"elementor-section elementor-top-section elementor-element elementor-element-d51d548 elementor-section-boxed elementor-section-height-default elementor-section-height-default\" data-id=\"d51d548\" data-element_type=\"section\" data-settings=\"{&quot;background_background&quot;:&quot;classic&quot;}\">\n\t\t\t\t\t\t<div class=\"elementor-container elementor-column-gap-default\">\n\t\t\t\t\t<div class=\"elementor-column elementor-col-100 elementor-top-column elementor-element elementor-element-0bb328a\" data-id=\"0bb328a\" data-element_type=\"column\">\n\t\t\t<div class=\"elementor-widget-wrap elementor-element-populated\">\n\t\t\t\t\t\t<div class=\"elementor-element elementor-element-ddcf2ee elementor-widget elementor-widget-heading\" data-id=\"ddcf2ee\" data-element_type=\"widget\" data-widget_type=\"heading.default\">\n\t\t\t\t<div class=\"elementor-widget-container\">\n\t\t\t\t\t<h3 class=\"elementor-heading-title elementor-size-default\">Odpowiedni system ProfilGate\u00ae dla danego zastosowania<\/h3>\t\t\t\t<\/div>\n\t\t\t\t<\/div>\n\t\t\t\t<div class=\"elementor-element elementor-element-236e49e elementor-widget elementor-widget-heading\" data-id=\"236e49e\" data-element_type=\"widget\" data-widget_type=\"heading.default\">\n\t\t\t\t<div class=\"elementor-widget-container\">\n\t\t\t\t\t<h3 class=\"elementor-heading-title elementor-size-default\"><b>Typowe konfiguracje<\/b><\/h3>\t\t\t\t<\/div>\n\t\t\t\t<\/div>\n\t\t\t\t<div class=\"elementor-element elementor-element-50800f5 elementor-widget-divider--view-line elementor-widget elementor-widget-divider\" data-id=\"50800f5\" data-element_type=\"widget\" data-widget_type=\"divider.default\">\n\t\t\t\t<div class=\"elementor-widget-container\">\n\t\t\t\t\t\t\t<div class=\"elementor-divider\">\n\t\t\t<span class=\"elementor-divider-separator\">\n\t\t\t\t\t\t<\/span>\n\t\t<\/div>\n\t\t\t\t\t\t<\/div>\n\t\t\t\t<\/div>\n\t\t\t\t<div class=\"elementor-element elementor-element-5432584 elementor-widget elementor-widget-text-editor\" data-id=\"5432584\" data-element_type=\"widget\" data-widget_type=\"text-editor.default\">\n\t\t\t\t<div class=\"elementor-widget-container\">\n\t\t\t\t\t\t\t\t\t<p>Aby zapewni\u0107 najlepsze efekty czyszczenia, instalacja ProfilGate\u00ae powinna by\u0107 na tyle d\u0142uga, aby umo\u017cliwi\u0107 3-4 pe\u0142ne obroty opony. Konieczne jest uwzgl\u0119dnienie maksymalnej \u015brednicy opon, kt\u00f3re maj\u0105 by\u0107 oczyszczane. W przypadku czyszczenia obuwia, ka\u017cda stopa powinna dotkn\u0105\u0107 powierzchni\u0119 czyszcz\u0105c\u0105 trzykrotnie.<\/p>\t\t\t\t\t\t\t\t<\/div>\n\t\t\t\t<\/div>\n\t\t\t\t<div class=\"elementor-element elementor-element-053d916 elementor-widget elementor-widget-image\" data-id=\"053d916\" data-element_type=\"widget\" data-widget_type=\"image.default\">\n\t\t\t\t<div class=\"elementor-widget-container\">\n\t\t\t\t\t\t\t\t\t\t\t\t\t\t\t<img fetchpriority=\"high\" decoding=\"async\" width=\"992\" height=\"348\" src=\"http:\/\/profil-gate.pl\/wp-content\/uploads\/2020\/06\/typowe_konfiguracje.gif\" class=\"attachment-large size-large wp-image-843\" alt=\"\" \/>\t\t\t\t\t\t\t\t\t\t\t\t\t\t\t<\/div>\n\t\t\t\t<\/div>\n\t\t\t\t<div class=\"elementor-element elementor-element-d938f9b elementor-widget elementor-widget-text-editor\" data-id=\"d938f9b\" data-element_type=\"widget\" data-widget_type=\"text-editor.default\">\n\t\t\t\t<div class=\"elementor-widget-container\">\n\t\t\t\t\t\t\t\t\t<p>Dzi\u0119ki szerokiej gamie dost\u0119pnych modeli, jest on \u0142atwy do dostosowania do niemal ka\u017cdego zapotrzebowania. Wyb\u00f3r odpowiedniej konfiguracji jest kluczowy dla efektywno\u015bci czyszczenia. Wa\u017cne s\u0105 nie tylko model i d\u0142ugo\u015b\u0107 instalacji, ale r\u00f3wnie\u017c szeroko\u015b\u0107 pola czyszcz\u0105cego. Optymalna szeroko\u015b\u0107 systemu ProfilGate\u00ae zale\u017cy g\u0142\u00f3wnie od typu u\u017cywanych pojazd\u00f3w oraz tras, kt\u00f3rymi si\u0119 poruszaj\u0105.\u00a0<\/p>\t\t\t\t\t\t\t\t<\/div>\n\t\t\t\t<\/div>\n\t\t\t\t\t<\/div>\n\t\t<\/div>\n\t\t\t\t\t<\/div>\n\t\t<\/section>\n\t\t\t\t<\/div>\n\t\t","protected":false},"excerpt":{"rendered":"<p>http:\/\/profil-gate.pl\/wp-content\/uploads\/2024\/04\/profilgate-3.mp4#t=19,37 Odpowiedni system ProfilGate\u00ae dla danego zastosowania Typowe konfiguracje Aby zapewni\u0107 najlepsze efekty czyszczenia, instalacja ProfilGate\u00ae powinna by\u0107 na tyle d\u0142uga, aby umo\u017cliwi\u0107 3-4 pe\u0142ne obroty opony. Konieczne jest uwzgl\u0119dnienie maksymalnej \u015brednicy opon, kt\u00f3re maj\u0105 by\u0107 oczyszczane. W przypadku czyszczenia obuwia, ka\u017cda stopa powinna dotkn\u0105\u0107 powierzchni\u0119 czyszcz\u0105c\u0105 trzykrotnie. Dzi\u0119ki szerokiej gamie dost\u0119pnych modeli, jest on [&hellip;]<\/p>\n","protected":false},"author":1,"featured_media":0,"parent":0,"menu_order":0,"comment_status":"closed","ping_status":"closed","template":"","meta":{"inline_featured_image":false,"footnotes":""},"class_list":["post-762","page","type-page","status-publish","hentry","entry"],"_links":{"self":[{"href":"http:\/\/profil-gate.pl\/index.php?rest_route=\/wp\/v2\/pages\/762","targetHints":{"allow":["GET"]}}],"collection":[{"href":"http:\/\/profil-gate.pl\/index.php?rest_route=\/wp\/v2\/pages"}],"about":[{"href":"http:\/\/profil-gate.pl\/index.php?rest_route=\/wp\/v2\/types\/page"}],"author":[{"embeddable":true,"href":"http:\/\/profil-gate.pl\/index.php?rest_route=\/wp\/v2\/users\/1"}],"replies":[{"embeddable":true,"href":"http:\/\/profil-gate.pl\/index.php?rest_route=%2Fwp%2Fv2%2Fcomments&post=762"}],"version-history":[{"count":55,"href":"http:\/\/profil-gate.pl\/index.php?rest_route=\/wp\/v2\/pages\/762\/revisions"}],"predecessor-version":[{"id":1338,"href":"http:\/\/profil-gate.pl\/index.php?rest_route=\/wp\/v2\/pages\/762\/revisions\/1338"}],"wp:attachment":[{"href":"http:\/\/profil-gate.pl\/index.php?rest_route=%2Fwp%2Fv2%2Fmedia&parent=762"}],"curies":[{"name":"wp","href":"https:\/\/api.w.org\/{rel}","templated":true}]}}