{"id":552,"date":"2019-08-13T07:56:43","date_gmt":"2019-08-13T07:56:43","guid":{"rendered":"http:\/\/profil-gate.pl\/?page_id=552"},"modified":"2024-05-10T13:18:51","modified_gmt":"2024-05-10T11:18:51","slug":"system","status":"publish","type":"page","link":"http:\/\/profil-gate.pl\/?page_id=552","title":{"rendered":"System"},"content":{"rendered":"\t\t<div data-elementor-type=\"wp-post\" data-elementor-id=\"552\" class=\"elementor elementor-552\" data-elementor-post-type=\"page\">\n\t\t\t\t\t\t<section class=\"elementor-section elementor-top-section elementor-element elementor-element-646e94d elementor-section-boxed elementor-section-height-default elementor-section-height-default\" data-id=\"646e94d\" data-element_type=\"section\" data-settings=\"{&quot;background_background&quot;:&quot;classic&quot;}\">\n\t\t\t\t\t\t<div class=\"elementor-container elementor-column-gap-default\">\n\t\t\t\t\t<div class=\"elementor-column elementor-col-50 elementor-top-column elementor-element elementor-element-b72f507\" data-id=\"b72f507\" data-element_type=\"column\" data-settings=\"{&quot;background_background&quot;:&quot;classic&quot;}\">\n\t\t\t<div class=\"elementor-widget-wrap elementor-element-populated\">\n\t\t\t\t\t\t<div class=\"elementor-element elementor-element-13ef200 elementor-widget elementor-widget-image\" data-id=\"13ef200\" data-element_type=\"widget\" data-widget_type=\"image.default\">\n\t\t\t\t<div class=\"elementor-widget-container\">\n\t\t\t\t\t\t\t\t\t\t\t\t\t\t\t<img fetchpriority=\"high\" decoding=\"async\" width=\"1024\" height=\"683\" src=\"http:\/\/profil-gate.pl\/wp-content\/uploads\/2024\/05\/1-1024x683.png\" class=\"attachment-large size-large wp-image-1315\" alt=\"\" srcset=\"http:\/\/profil-gate.pl\/wp-content\/uploads\/2024\/05\/1-1024x683.png 1024w, http:\/\/profil-gate.pl\/wp-content\/uploads\/2024\/05\/1-300x200.png 300w, http:\/\/profil-gate.pl\/wp-content\/uploads\/2024\/05\/1-768x512.png 768w, http:\/\/profil-gate.pl\/wp-content\/uploads\/2024\/05\/1-1536x1025.png 1536w, http:\/\/profil-gate.pl\/wp-content\/uploads\/2024\/05\/1-600x400.png 600w, http:\/\/profil-gate.pl\/wp-content\/uploads\/2024\/05\/1.png 1920w\" sizes=\"(max-width: 1024px) 100vw, 1024px\" \/>\t\t\t\t\t\t\t\t\t\t\t\t\t\t\t<\/div>\n\t\t\t\t<\/div>\n\t\t\t\t<div class=\"elementor-element elementor-element-673c439 elementor-widget elementor-widget-spacer\" data-id=\"673c439\" data-element_type=\"widget\" data-widget_type=\"spacer.default\">\n\t\t\t\t<div class=\"elementor-widget-container\">\n\t\t\t\t\t\t\t<div class=\"elementor-spacer\">\n\t\t\t<div class=\"elementor-spacer-inner\"><\/div>\n\t\t<\/div>\n\t\t\t\t\t\t<\/div>\n\t\t\t\t<\/div>\n\t\t\t\t\t<\/div>\n\t\t<\/div>\n\t\t\t\t<div class=\"elementor-column elementor-col-50 elementor-top-column elementor-element elementor-element-45d7db2\" data-id=\"45d7db2\" data-element_type=\"column\">\n\t\t\t<div class=\"elementor-widget-wrap elementor-element-populated\">\n\t\t\t\t\t\t<div class=\"elementor-element elementor-element-c5ab988 elementor-widget elementor-widget-heading\" data-id=\"c5ab988\" data-element_type=\"widget\" data-widget_type=\"heading.default\">\n\t\t\t\t<div class=\"elementor-widget-container\">\n\t\t\t\t\t<h3 class=\"elementor-heading-title elementor-size-default\"><b>Problem<\/b><\/h3>\t\t\t\t<\/div>\n\t\t\t\t<\/div>\n\t\t\t\t<div class=\"elementor-element elementor-element-f776bbe elementor-widget-divider--view-line elementor-widget elementor-widget-divider\" data-id=\"f776bbe\" data-element_type=\"widget\" data-widget_type=\"divider.default\">\n\t\t\t\t<div class=\"elementor-widget-container\">\n\t\t\t\t\t\t\t<div class=\"elementor-divider\">\n\t\t\t<span class=\"elementor-divider-separator\">\n\t\t\t\t\t\t<\/span>\n\t\t<\/div>\n\t\t\t\t\t\t<\/div>\n\t\t\t\t<\/div>\n\t\t\t\t<div class=\"elementor-element elementor-element-28d9c03 elementor-widget elementor-widget-text-editor\" data-id=\"28d9c03\" data-element_type=\"widget\" data-widget_type=\"text-editor.default\">\n\t\t\t\t<div class=\"elementor-widget-container\">\n\t\t\t\t\t\t\t\t\t<p>Zanieczyszczenie jest sta\u0142ym wyzwaniem w zak\u0142adach przemys\u0142owych. Niewystarczaj\u0105ce czyszczenie hal produkcyjnych i magazynowych mo\u017ce prowadzi\u0107 do przestoj\u00f3w w produkcji, obni\u017cenia jako\u015bci produkt\u00f3w i zwi\u0119kszenia liczby reklamacji. Dlatego przedsi\u0119biorstwa inwestuj\u0105 znacz\u0105ce sumy w \u015brodki czysto\u015bci, by zapewni\u0107 bezpiecze\u0144stwo i jako\u015b\u0107 swoich wyrob\u00f3w.<br \/>Codzienna dzia\u0142alno\u015b\u0107 produkcyjna, monta\u017cowa i logistyczna generuje brud, a dodatkowe zanieczyszczenia s\u0105 nanoszone do hal przemys\u0142owych z zewn\u0105trz. Opony w\u00f3zk\u00f3w wid\u0142owych i innych pojazd\u00f3w przemys\u0142owych, resztki produkcyjne, brud i wilgo\u0107 wymagaj\u0105 systematycznego i dok\u0142adnego czyszczenia pod\u0142\u00f3g. Je\u015bli brud nie zostanie usuni\u0119ty, mo\u017ce w d\u0142u\u017cszej perspektywie porysowa\u0107 delikatne powierzchnie. R\u00f3wnie\u017c niekt\u00f3re warunki pogodowe mog\u0105 sprawi\u0107, \u017ce pod\u0142ogi stan\u0105 si\u0119 \u015bliskie przez wilgo\u0107, co negatywnie wp\u0142ywa na bezpiecze\u0144stwo pracy.<br \/>Brud przenika do obszar\u00f3w produkcyjnych przez wej\u015bcia i przejazdy, przylegaj\u0105c do podeszew but\u00f3w pracownik\u00f3w oraz do bie\u017cnik\u00f3w r\u00f3\u017cnego typu w\u00f3zk\u00f3w, co sprzyja jego rozprzestrzenianiu si\u0119 po ca\u0142ym obiekcie. Cz\u0119sto niedoceniane jest ryzyko przeniesienia brudu do wra\u017cliwych obszar\u00f3w sk\u0142adowania i produkcji. Ostatecznie wymagane jest przeprowadzenie intensywnych prac porz\u0105dkowych, aby oczy\u015bci\u0107 hale przemys\u0142owe z nagromadzonego brudu, co generuje wysokie koszty.<\/p>\t\t\t\t\t\t\t\t<\/div>\n\t\t\t\t<\/div>\n\t\t\t\t\t<\/div>\n\t\t<\/div>\n\t\t\t\t\t<\/div>\n\t\t<\/section>\n\t\t\t\t<section class=\"elementor-section elementor-top-section elementor-element elementor-element-35dbd45 elementor-section-boxed elementor-section-height-default elementor-section-height-default\" data-id=\"35dbd45\" data-element_type=\"section\" data-settings=\"{&quot;background_background&quot;:&quot;classic&quot;}\">\n\t\t\t\t\t\t<div class=\"elementor-container elementor-column-gap-default\">\n\t\t\t\t\t<div class=\"elementor-column elementor-col-100 elementor-top-column elementor-element elementor-element-c0b22fb\" data-id=\"c0b22fb\" data-element_type=\"column\">\n\t\t\t<div class=\"elementor-widget-wrap elementor-element-populated\">\n\t\t\t\t\t\t<div class=\"elementor-element elementor-element-1e8ad42 elementor-widget elementor-widget-heading\" data-id=\"1e8ad42\" data-element_type=\"widget\" data-widget_type=\"heading.default\">\n\t\t\t\t<div class=\"elementor-widget-container\">\n\t\t\t\t\t<h3 class=\"elementor-heading-title elementor-size-default\"><b>Rozwi\u0105zanie<\/b><\/h3>\t\t\t\t<\/div>\n\t\t\t\t<\/div>\n\t\t\t\t<div class=\"elementor-element elementor-element-1337279 elementor-widget-divider--view-line elementor-widget elementor-widget-divider\" data-id=\"1337279\" data-element_type=\"widget\" data-widget_type=\"divider.default\">\n\t\t\t\t<div class=\"elementor-widget-container\">\n\t\t\t\t\t\t\t<div class=\"elementor-divider\">\n\t\t\t<span class=\"elementor-divider-separator\">\n\t\t\t\t\t\t<\/span>\n\t\t<\/div>\n\t\t\t\t\t\t<\/div>\n\t\t\t\t<\/div>\n\t\t\t\t<div class=\"elementor-element elementor-element-1440783 elementor-widget elementor-widget-text-editor\" data-id=\"1440783\" data-element_type=\"widget\" data-widget_type=\"text-editor.default\">\n\t\t\t\t<div class=\"elementor-widget-container\">\n\t\t\t\t\t\t\t\t\t<p>Rozwi\u0105zanie tego problemu jest zaskakuj\u0105co proste: brud, kt\u00f3ry nie dostaje si\u0119 do wn\u0119trza, nie ma mo\u017cliwo\u015bci rozprzestrzeniania si\u0119 ani konieczno\u015bci usuwania!<\/p><p><br \/>Przy ka\u017cdym wej\u015bciu do budynku, zar\u00f3wno w strefach prywatnych jak i komercyjnych, zainstalowane s\u0105 maty lub strefy czysto\u015bci, kt\u00f3re oczyszczaj\u0105 podeszwy but\u00f3w z brudu zanim kto\u015b wejdzie do \u015brodka.<\/p><p><br \/>Chocia\u017c wiele firm przemys\u0142owych stara si\u0119 zminimalizowa\u0107 ilo\u015b\u0107 brudu dostaj\u0105cego si\u0119 na podeszwy but\u00f3w pracownik\u00f3w, to jednak tylko nieliczne zdaj\u0105 sobie spraw\u0119, \u017ce brud osadza si\u0119 r\u00f3wnie\u017c na bie\u017cnikach w\u00f3zk\u00f3w wid\u0142owych, paletowych i innych pojazd\u00f3w przemys\u0142owych. Mimo czystych podeszew, brud wci\u0105\u017c przedostaje si\u0119 do obszar\u00f3w produkcyjnych i tam si\u0119 rozprzestrzenia.<\/p>\t\t\t\t\t\t\t\t<\/div>\n\t\t\t\t<\/div>\n\t\t\t\t\t<\/div>\n\t\t<\/div>\n\t\t\t\t\t<\/div>\n\t\t<\/section>\n\t\t\t\t<section class=\"elementor-section elementor-top-section elementor-element elementor-element-a5effa6 elementor-section-boxed elementor-section-height-default elementor-section-height-default\" data-id=\"a5effa6\" data-element_type=\"section\" data-settings=\"{&quot;background_background&quot;:&quot;classic&quot;}\">\n\t\t\t\t\t\t<div class=\"elementor-container elementor-column-gap-default\">\n\t\t\t\t\t<div class=\"elementor-column elementor-col-100 elementor-top-column elementor-element elementor-element-3ebb437\" data-id=\"3ebb437\" data-element_type=\"column\">\n\t\t\t<div class=\"elementor-widget-wrap elementor-element-populated\">\n\t\t\t\t\t\t<div class=\"elementor-element elementor-element-98c2080 elementor-widget elementor-widget-heading\" data-id=\"98c2080\" data-element_type=\"widget\" data-widget_type=\"heading.default\">\n\t\t\t\t<div class=\"elementor-widget-container\">\n\t\t\t\t\t<h3 class=\"elementor-heading-title elementor-size-default\"><b>ProfilGate\u00ae mo\u017cna opisa\u0107 jako \u201emat\u0119 czyszcz\u0105c\u0105 dla w\u00f3zk\u00f3w przemys\u0142owych\u201d<\/b><\/h3>\t\t\t\t<\/div>\n\t\t\t\t<\/div>\n\t\t\t\t<div class=\"elementor-element elementor-element-6571058 elementor-widget-divider--view-line elementor-widget elementor-widget-divider\" data-id=\"6571058\" data-element_type=\"widget\" data-widget_type=\"divider.default\">\n\t\t\t\t<div class=\"elementor-widget-container\">\n\t\t\t\t\t\t\t<div class=\"elementor-divider\">\n\t\t\t<span class=\"elementor-divider-separator\">\n\t\t\t\t\t\t<\/span>\n\t\t<\/div>\n\t\t\t\t\t\t<\/div>\n\t\t\t\t<\/div>\n\t\t\t\t<div class=\"elementor-element elementor-element-962162d elementor-widget elementor-widget-text-editor\" data-id=\"962162d\" data-element_type=\"widget\" data-widget_type=\"text-editor.default\">\n\t\t\t\t<div class=\"elementor-widget-container\">\n\t\t\t\t\t\t\t\t\t<p>System ten jest instalowany przy wej\u015bciach do hal produkcyjnych i magazynowych. Podczas przejazdu pojazd\u00f3w przez te strefy czyszcz\u0105ce, brud przylegaj\u0105cy do opon, rolek i k\u00f3\u0142 jest mechanicznie usuwany. Zanieczyszczenia zbierane s\u0105 w specjalnych pojemnikach, z kt\u00f3rych mo\u017cna je \u0142atwo wyeliminowa\u0107.<br \/><br \/><\/p><p>Dla opon, rolek i k\u00f3\u0142 wystarcz\u0105 zaledwie trzy obroty, by usun\u0105\u0107 do 80% przylegaj\u0105cego brudu. To pozwala na gromadzenie brudu w jednym miejscu, zapobiegaj\u0105c jego rozprzestrzenianiu si\u0119 w obszarze produkcyjnym, co znacz\u0105co obni\u017ca koszty d\u0142ugoterminowego utrzymania czysto\u015bci poprzez wyd\u0142u\u017cenie cykli czyszczenia.<\/p>\t\t\t\t\t\t\t\t<\/div>\n\t\t\t\t<\/div>\n\t\t\t\t\t<\/div>\n\t\t<\/div>\n\t\t\t\t\t<\/div>\n\t\t<\/section>\n\t\t\t\t<section class=\"elementor-section elementor-top-section elementor-element elementor-element-72ec93b elementor-section-boxed elementor-section-height-default elementor-section-height-default\" data-id=\"72ec93b\" data-element_type=\"section\">\n\t\t\t\t\t\t<div class=\"elementor-container elementor-column-gap-default\">\n\t\t\t\t\t<div class=\"elementor-column elementor-col-100 elementor-top-column elementor-element elementor-element-03a85d5\" data-id=\"03a85d5\" data-element_type=\"column\">\n\t\t\t<div class=\"elementor-widget-wrap elementor-element-populated\">\n\t\t\t\t\t\t<div class=\"elementor-element elementor-element-f4a05ff elementor-widget elementor-widget-video\" data-id=\"f4a05ff\" data-element_type=\"widget\" data-settings=\"{&quot;video_type&quot;:&quot;hosted&quot;,&quot;start&quot;:40,&quot;autoplay&quot;:&quot;yes&quot;,&quot;mute&quot;:&quot;yes&quot;,&quot;controls&quot;:&quot;yes&quot;}\" data-widget_type=\"video.default\">\n\t\t\t\t<div class=\"elementor-widget-container\">\n\t\t\t\t\t\t\t<div class=\"e-hosted-video elementor-wrapper elementor-open-inline\">\n\t\t\t\t\t<video class=\"elementor-video\" src=\"http:\/\/profil-gate.pl\/wp-content\/uploads\/2024\/04\/profilgate-3.mp4#t=40\" autoplay=\"\" controls=\"\" muted=\"muted\" controlsList=\"nodownload\"><\/video>\n\t\t\t\t<\/div>\n\t\t\t\t\t\t<\/div>\n\t\t\t\t<\/div>\n\t\t\t\t\t<\/div>\n\t\t<\/div>\n\t\t\t\t\t<\/div>\n\t\t<\/section>\n\t\t\t\t<\/div>\n\t\t","protected":false},"excerpt":{"rendered":"<p>Problem Zanieczyszczenie jest sta\u0142ym wyzwaniem w zak\u0142adach przemys\u0142owych. Niewystarczaj\u0105ce czyszczenie hal produkcyjnych i magazynowych mo\u017ce prowadzi\u0107 do przestoj\u00f3w w produkcji, obni\u017cenia jako\u015bci produkt\u00f3w i zwi\u0119kszenia liczby reklamacji. Dlatego przedsi\u0119biorstwa inwestuj\u0105 znacz\u0105ce sumy w \u015brodki czysto\u015bci, by zapewni\u0107 bezpiecze\u0144stwo i jako\u015b\u0107 swoich wyrob\u00f3w.Codzienna dzia\u0142alno\u015b\u0107 produkcyjna, monta\u017cowa i logistyczna generuje brud, a dodatkowe zanieczyszczenia s\u0105 nanoszone do [&hellip;]<\/p>\n","protected":false},"author":1,"featured_media":0,"parent":0,"menu_order":0,"comment_status":"closed","ping_status":"closed","template":"","meta":{"inline_featured_image":false,"footnotes":""},"class_list":["post-552","page","type-page","status-publish","hentry","entry"],"_links":{"self":[{"href":"http:\/\/profil-gate.pl\/index.php?rest_route=\/wp\/v2\/pages\/552","targetHints":{"allow":["GET"]}}],"collection":[{"href":"http:\/\/profil-gate.pl\/index.php?rest_route=\/wp\/v2\/pages"}],"about":[{"href":"http:\/\/profil-gate.pl\/index.php?rest_route=\/wp\/v2\/types\/page"}],"author":[{"embeddable":true,"href":"http:\/\/profil-gate.pl\/index.php?rest_route=\/wp\/v2\/users\/1"}],"replies":[{"embeddable":true,"href":"http:\/\/profil-gate.pl\/index.php?rest_route=%2Fwp%2Fv2%2Fcomments&post=552"}],"version-history":[{"count":53,"href":"http:\/\/profil-gate.pl\/index.php?rest_route=\/wp\/v2\/pages\/552\/revisions"}],"predecessor-version":[{"id":1341,"href":"http:\/\/profil-gate.pl\/index.php?rest_route=\/wp\/v2\/pages\/552\/revisions\/1341"}],"wp:attachment":[{"href":"http:\/\/profil-gate.pl\/index.php?rest_route=%2Fwp%2Fv2%2Fmedia&parent=552"}],"curies":[{"name":"wp","href":"https:\/\/api.w.org\/{rel}","templated":true}]}}