{"id":344,"date":"2019-05-29T07:25:16","date_gmt":"2019-05-29T07:25:16","guid":{"rendered":"http:\/\/profil-gate.pl\/?page_id=344"},"modified":"2025-03-31T10:18:01","modified_gmt":"2025-03-31T08:18:01","slug":"strona","status":"publish","type":"page","link":"http:\/\/profil-gate.pl\/","title":{"rendered":"Strona"},"content":{"rendered":"\t\t<div data-elementor-type=\"wp-post\" data-elementor-id=\"344\" class=\"elementor elementor-344\" data-elementor-post-type=\"page\">\n\t\t\t\t\t\t<section class=\"elementor-section elementor-top-section elementor-element elementor-element-decf5f1 elementor-section-height-min-height elementor-section-boxed elementor-section-height-default elementor-section-items-middle\" data-id=\"decf5f1\" data-element_type=\"section\" data-settings=\"{&quot;background_background&quot;:&quot;video&quot;,&quot;background_video_link&quot;:&quot;https:\\\/\\\/www.youtube.com\\\/watch?v=7qidr59X1Dc&quot;}\">\n\t\t\t\t\t\t\t\t<div class=\"elementor-background-video-container elementor-hidden-mobile\">\n\t\t\t\t\t\t\t\t\t\t\t\t\t<div class=\"elementor-background-video-embed\"><\/div>\n\t\t\t\t\t\t\t\t\t\t\t\t<\/div>\n\t\t\t\t\t\t\t\t\t<div class=\"elementor-background-overlay\"><\/div>\n\t\t\t\t\t\t\t<div class=\"elementor-container elementor-column-gap-no\">\n\t\t\t\t\t<div class=\"elementor-column elementor-col-33 elementor-top-column elementor-element elementor-element-08f0b14\" data-id=\"08f0b14\" data-element_type=\"column\">\n\t\t\t<div class=\"elementor-widget-wrap elementor-element-populated\">\n\t\t\t\t\t\t<div class=\"elementor-element elementor-element-60414a5 elementor-widget elementor-widget-heading\" data-id=\"60414a5\" data-element_type=\"widget\" data-widget_type=\"heading.default\">\n\t\t\t\t<div class=\"elementor-widget-container\">\n\t\t\t\t\t<h1 class=\"elementor-heading-title elementor-size-default\">ProfilGate \u2013 czysto\u015b\u0107, kt\u00f3rej mo\u017cesz zaufa\u0107<\/h1>\t\t\t\t<\/div>\n\t\t\t\t<\/div>\n\t\t\t\t<div class=\"elementor-element elementor-element-29395f9 elementor-widget elementor-widget-heading\" data-id=\"29395f9\" data-element_type=\"widget\" data-widget_type=\"heading.default\">\n\t\t\t\t<div class=\"elementor-widget-container\">\n\t\t\t\t\t<h1 class=\"elementor-heading-title elementor-size-default\">Innowacyjna technologia. <br> Aktywny system czyszcz\u0105cy<\/h1>\t\t\t\t<\/div>\n\t\t\t\t<\/div>\n\t\t\t\t<div class=\"elementor-element elementor-element-043ce44 elementor-widget-divider--view-line elementor-widget elementor-widget-divider\" data-id=\"043ce44\" data-element_type=\"widget\" data-widget_type=\"divider.default\">\n\t\t\t\t<div class=\"elementor-widget-container\">\n\t\t\t\t\t\t\t<div class=\"elementor-divider\">\n\t\t\t<span class=\"elementor-divider-separator\">\n\t\t\t\t\t\t<\/span>\n\t\t<\/div>\n\t\t\t\t\t\t<\/div>\n\t\t\t\t<\/div>\n\t\t\t\t<div class=\"elementor-element elementor-element-758db4a elementor-widget elementor-widget-text-editor\" data-id=\"758db4a\" data-element_type=\"widget\" data-widget_type=\"text-editor.default\">\n\t\t\t\t<div class=\"elementor-widget-container\">\n\t\t\t\t\t\t\t\t\t<p><strong>System ProfilGate jest stosowany do redukcji ilo\u015bci kurzu osiadaj\u0105cego na produktach oraz minimalizacji zanieczyszcze\u0144 przenoszonych przez obuwie i w\u00f3zki transportowe do miejsc produkcji, magazyn\u00f3w czy pomieszcze\u0144 wymagaj\u0105cych wy\u017cszego poziomu czysto\u015bci. <\/strong><\/p>\t\t\t\t\t\t\t\t<\/div>\n\t\t\t\t<\/div>\n\t\t\t\t<div class=\"elementor-element elementor-element-bf58735 elementor-align-left elementor-invisible elementor-widget elementor-widget-button\" data-id=\"bf58735\" data-element_type=\"widget\" data-settings=\"{&quot;_animation&quot;:&quot;fadeInUp&quot;,&quot;_animation_delay&quot;:&quot;200&quot;}\" data-widget_type=\"button.default\">\n\t\t\t\t<div class=\"elementor-widget-container\">\n\t\t\t\t\t\t\t\t\t<div class=\"elementor-button-wrapper\">\n\t\t\t\t\t<a class=\"elementor-button elementor-button-link elementor-size-md elementor-animation-bounce-in\" href=\"http:\/\/profil-gate.pl\/konfiguracja\/\">\n\t\t\t\t\t\t<span class=\"elementor-button-content-wrapper\">\n\t\t\t\t\t\t\t\t\t<span class=\"elementor-button-text\">Czytaj dalej<\/span>\n\t\t\t\t\t<\/span>\n\t\t\t\t\t<\/a>\n\t\t\t\t<\/div>\n\t\t\t\t\t\t\t\t<\/div>\n\t\t\t\t<\/div>\n\t\t\t\t\t<\/div>\n\t\t<\/div>\n\t\t\t\t<div class=\"elementor-column elementor-col-33 elementor-top-column elementor-element elementor-element-89d72e8\" data-id=\"89d72e8\" data-element_type=\"column\">\n\t\t\t<div class=\"elementor-widget-wrap\">\n\t\t\t\t\t\t\t<\/div>\n\t\t<\/div>\n\t\t\t\t<div class=\"elementor-column elementor-col-33 elementor-top-column elementor-element elementor-element-a2e1c83\" data-id=\"a2e1c83\" data-element_type=\"column\">\n\t\t\t<div class=\"elementor-widget-wrap elementor-element-populated\">\n\t\t\t\t\t\t<div class=\"elementor-element elementor-element-1d393dd elementor-view-default elementor-position-top elementor-mobile-position-top elementor-widget elementor-widget-icon-box\" data-id=\"1d393dd\" data-element_type=\"widget\" data-widget_type=\"icon-box.default\">\n\t\t\t\t<div class=\"elementor-widget-container\">\n\t\t\t\t\t\t\t<div class=\"elementor-icon-box-wrapper\">\n\n\t\t\t\t\t\t<div class=\"elementor-icon-box-icon\">\n\t\t\t\t<span  class=\"elementor-icon\">\n\t\t\t\t<i aria-hidden=\"true\" class=\"far fa-thumbs-up\"><\/i>\t\t\t\t<\/span>\n\t\t\t<\/div>\n\t\t\t\n\t\t\t\t\t\t<div class=\"elementor-icon-box-content\">\n\n\t\t\t\t\t\t\t\t\t<h3 class=\"elementor-icon-box-title\">\n\t\t\t\t\t\t<span  >\n\t\t\t\t\t\t\t15 letnie do\u015bwiadczenie\t\t\t\t\t\t<\/span>\n\t\t\t\t\t<\/h3>\n\t\t\t\t\n\t\t\t\t\t\t\t\t\t<p class=\"elementor-icon-box-description\">\n\t\t\t\t\t\tdoradztwo i monta\u017c\t\t\t\t\t<\/p>\n\t\t\t\t\n\t\t\t<\/div>\n\t\t\t\n\t\t<\/div>\n\t\t\t\t\t\t<\/div>\n\t\t\t\t<\/div>\n\t\t\t\t\t<\/div>\n\t\t<\/div>\n\t\t\t\t\t<\/div>\n\t\t<\/section>\n\t\t\t\t<section class=\"elementor-section elementor-top-section elementor-element elementor-element-1573d6ed elementor-section-boxed elementor-section-height-default elementor-section-height-default\" data-id=\"1573d6ed\" data-element_type=\"section\">\n\t\t\t\t\t\t<div class=\"elementor-container elementor-column-gap-default\">\n\t\t\t\t\t<div class=\"elementor-column elementor-col-100 elementor-top-column elementor-element elementor-element-75eeed14\" data-id=\"75eeed14\" data-element_type=\"column\">\n\t\t\t<div class=\"elementor-widget-wrap elementor-element-populated\">\n\t\t\t\t\t\t<div class=\"elementor-element elementor-element-1f0abbe elementor-widget elementor-widget-heading\" data-id=\"1f0abbe\" data-element_type=\"widget\" data-widget_type=\"heading.default\">\n\t\t\t\t<div class=\"elementor-widget-container\">\n\t\t\t\t\t<h3 class=\"elementor-heading-title elementor-size-default\">Niezawodna czysto\u015b\u0107 z ProfilGate<\/h3>\t\t\t\t<\/div>\n\t\t\t\t<\/div>\n\t\t\t\t<div class=\"elementor-element elementor-element-bb83435 elementor-widget-divider--view-line elementor-widget elementor-widget-divider\" data-id=\"bb83435\" data-element_type=\"widget\" data-widget_type=\"divider.default\">\n\t\t\t\t<div class=\"elementor-widget-container\">\n\t\t\t\t\t\t\t<div class=\"elementor-divider\">\n\t\t\t<span class=\"elementor-divider-separator\">\n\t\t\t\t\t\t<\/span>\n\t\t<\/div>\n\t\t\t\t\t\t<\/div>\n\t\t\t\t<\/div>\n\t\t\t\t<section class=\"elementor-section elementor-inner-section elementor-element elementor-element-c79e464 elementor-section-boxed elementor-section-height-default elementor-section-height-default\" data-id=\"c79e464\" data-element_type=\"section\">\n\t\t\t\t\t\t<div class=\"elementor-container elementor-column-gap-default\">\n\t\t\t\t\t<div class=\"elementor-column elementor-col-33 elementor-inner-column elementor-element elementor-element-29adcac\" data-id=\"29adcac\" data-element_type=\"column\" data-settings=\"{&quot;background_background&quot;:&quot;classic&quot;}\">\n\t\t\t<div class=\"elementor-widget-wrap elementor-element-populated\">\n\t\t\t\t\t\t<div class=\"elementor-element elementor-element-98ad9f7 elementor-position-top elementor-widget elementor-widget-image-box\" data-id=\"98ad9f7\" data-element_type=\"widget\" data-widget_type=\"image-box.default\">\n\t\t\t\t<div class=\"elementor-widget-container\">\n\t\t\t\t\t<div class=\"elementor-image-box-wrapper\"><figure class=\"elementor-image-box-img\"><a href=\"http:\/\/profil-gate.pl\/kontakt\/\" tabindex=\"-1\"><img fetchpriority=\"high\" decoding=\"async\" width=\"290\" height=\"193\" src=\"http:\/\/profil-gate.pl\/wp-content\/uploads\/2024\/05\/z_Obszar-roboczy-1.jpg\" class=\"attachment-medium size-medium wp-image-1276\" alt=\"\" \/><\/a><\/figure><div class=\"elementor-image-box-content\"><h3 class=\"elementor-image-box-title\"><a href=\"http:\/\/profil-gate.pl\/kontakt\/\">Czyszczenie na sucho<\/a><\/h3><p class=\"elementor-image-box-description\">Czyszczenie opon w w\u00f3zkach transportowych we wszystkich ga\u0142\u0119ziach przemys\u0142u<\/p><\/div><\/div>\t\t\t\t<\/div>\n\t\t\t\t<\/div>\n\t\t\t\t\t<\/div>\n\t\t<\/div>\n\t\t\t\t<div class=\"elementor-column elementor-col-33 elementor-inner-column elementor-element elementor-element-1776f8a3\" data-id=\"1776f8a3\" data-element_type=\"column\" data-settings=\"{&quot;background_background&quot;:&quot;classic&quot;}\">\n\t\t\t<div class=\"elementor-widget-wrap elementor-element-populated\">\n\t\t\t\t\t\t<div class=\"elementor-element elementor-element-2db355ab elementor-position-top elementor-widget elementor-widget-image-box\" data-id=\"2db355ab\" data-element_type=\"widget\" data-widget_type=\"image-box.default\">\n\t\t\t\t<div class=\"elementor-widget-container\">\n\t\t\t\t\t<div class=\"elementor-image-box-wrapper\"><figure class=\"elementor-image-box-img\"><a href=\"http:\/\/profil-gate.pl\/kontakt\/\" tabindex=\"-1\"><img decoding=\"async\" width=\"290\" height=\"193\" src=\"http:\/\/profil-gate.pl\/wp-content\/uploads\/2024\/05\/z_Obszar-roboczy-1-kopia.jpg\" class=\"attachment-medium size-medium wp-image-1277\" alt=\"\" \/><\/a><\/figure><div class=\"elementor-image-box-content\"><h3 class=\"elementor-image-box-title\"><a href=\"http:\/\/profil-gate.pl\/kontakt\/\">Czyszczenie na mokro<\/a><\/h3><p class=\"elementor-image-box-description\">Czyszczenie opon w w\u00f3zkach transportowych we wszystkich ga\u0142\u0119ziach przemys\u0142u<\/p><\/div><\/div>\t\t\t\t<\/div>\n\t\t\t\t<\/div>\n\t\t\t\t\t<\/div>\n\t\t<\/div>\n\t\t\t\t<div class=\"elementor-column elementor-col-33 elementor-inner-column elementor-element elementor-element-0a09816\" data-id=\"0a09816\" data-element_type=\"column\" data-settings=\"{&quot;background_background&quot;:&quot;classic&quot;}\">\n\t\t\t<div class=\"elementor-widget-wrap elementor-element-populated\">\n\t\t\t\t\t\t<div class=\"elementor-element elementor-element-9ab30e0 elementor-position-top elementor-widget elementor-widget-image-box\" data-id=\"9ab30e0\" data-element_type=\"widget\" data-widget_type=\"image-box.default\">\n\t\t\t\t<div class=\"elementor-widget-container\">\n\t\t\t\t\t<div class=\"elementor-image-box-wrapper\"><figure class=\"elementor-image-box-img\"><a href=\"http:\/\/profil-gate.pl\/kontakt\/\" tabindex=\"-1\"><img decoding=\"async\" width=\"290\" height=\"193\" src=\"http:\/\/profil-gate.pl\/wp-content\/uploads\/2024\/05\/z_Obszar-roboczy-1-kopia-2.jpg\" class=\"attachment-medium size-medium wp-image-1278\" alt=\"\" \/><\/a><\/figure><div class=\"elementor-image-box-content\"><h3 class=\"elementor-image-box-title\"><a href=\"http:\/\/profil-gate.pl\/kontakt\/\">Maszyny<\/a><\/h3><p class=\"elementor-image-box-description\">Czyszczenie obuwia przemys\u0142owego<\/p><\/div><\/div>\t\t\t\t<\/div>\n\t\t\t\t<\/div>\n\t\t\t\t\t<\/div>\n\t\t<\/div>\n\t\t\t\t\t<\/div>\n\t\t<\/section>\n\t\t\t\t\t<\/div>\n\t\t<\/div>\n\t\t\t\t\t<\/div>\n\t\t<\/section>\n\t\t\t\t<section class=\"elementor-section elementor-top-section elementor-element elementor-element-d8ace8c elementor-section-boxed elementor-section-height-default elementor-section-height-default\" data-id=\"d8ace8c\" data-element_type=\"section\" data-settings=\"{&quot;background_background&quot;:&quot;classic&quot;}\">\n\t\t\t\t\t\t<div class=\"elementor-container elementor-column-gap-default\">\n\t\t\t\t\t<div class=\"elementor-column elementor-col-50 elementor-top-column elementor-element elementor-element-e77b39c\" data-id=\"e77b39c\" data-element_type=\"column\" data-settings=\"{&quot;background_background&quot;:&quot;classic&quot;}\">\n\t\t\t<div class=\"elementor-widget-wrap elementor-element-populated\">\n\t\t\t\t\t\t<div class=\"elementor-element elementor-element-1070522 elementor-widget elementor-widget-image\" data-id=\"1070522\" data-element_type=\"widget\" data-widget_type=\"image.default\">\n\t\t\t\t<div class=\"elementor-widget-container\">\n\t\t\t\t\t\t\t\t\t\t\t\t\t\t\t<img loading=\"lazy\" decoding=\"async\" width=\"1024\" height=\"683\" src=\"http:\/\/profil-gate.pl\/wp-content\/uploads\/2024\/05\/1-1024x683.png\" class=\"attachment-large size-large wp-image-1315\" alt=\"\" srcset=\"http:\/\/profil-gate.pl\/wp-content\/uploads\/2024\/05\/1-1024x683.png 1024w, http:\/\/profil-gate.pl\/wp-content\/uploads\/2024\/05\/1-300x200.png 300w, http:\/\/profil-gate.pl\/wp-content\/uploads\/2024\/05\/1-768x512.png 768w, http:\/\/profil-gate.pl\/wp-content\/uploads\/2024\/05\/1-1536x1025.png 1536w, http:\/\/profil-gate.pl\/wp-content\/uploads\/2024\/05\/1-600x400.png 600w, http:\/\/profil-gate.pl\/wp-content\/uploads\/2024\/05\/1.png 1920w\" sizes=\"(max-width: 1024px) 100vw, 1024px\" \/>\t\t\t\t\t\t\t\t\t\t\t\t\t\t\t<\/div>\n\t\t\t\t<\/div>\n\t\t\t\t\t<\/div>\n\t\t<\/div>\n\t\t\t\t<div class=\"elementor-column elementor-col-50 elementor-top-column elementor-element elementor-element-b56d331\" data-id=\"b56d331\" data-element_type=\"column\">\n\t\t\t<div class=\"elementor-widget-wrap elementor-element-populated\">\n\t\t\t\t\t\t<div class=\"elementor-element elementor-element-04ccae5 elementor-widget elementor-widget-heading\" data-id=\"04ccae5\" data-element_type=\"widget\" data-widget_type=\"heading.default\">\n\t\t\t\t<div class=\"elementor-widget-container\">\n\t\t\t\t\t<h3 class=\"elementor-heading-title elementor-size-default\"><b> Nasz System<\/b><\/h3>\t\t\t\t<\/div>\n\t\t\t\t<\/div>\n\t\t\t\t<div class=\"elementor-element elementor-element-423db30 elementor-widget-divider--view-line elementor-widget elementor-widget-divider\" data-id=\"423db30\" data-element_type=\"widget\" data-widget_type=\"divider.default\">\n\t\t\t\t<div class=\"elementor-widget-container\">\n\t\t\t\t\t\t\t<div class=\"elementor-divider\">\n\t\t\t<span class=\"elementor-divider-separator\">\n\t\t\t\t\t\t<\/span>\n\t\t<\/div>\n\t\t\t\t\t\t<\/div>\n\t\t\t\t<\/div>\n\t\t\t\t<div class=\"elementor-element elementor-element-864afad elementor-widget elementor-widget-text-editor\" data-id=\"864afad\" data-element_type=\"widget\" data-widget_type=\"text-editor.default\">\n\t\t\t\t<div class=\"elementor-widget-container\">\n\t\t\t\t\t\t\t\t\t<p>System czyszczenia jest instalowany przy wjazdach lub wej\u015bciach do hal produkcyjnych i magazynowych. Podczas jazdy po strefach czyszczenia przylegaj\u0105cy brud jest usuwany mechanicznie z opon, rolek i k\u00f3\u0142 pojazd\u00f3w przemys\u0142owych. Zanieczyszczenia opadaj\u0105 do wanien, sk\u0105d mog\u0105 by\u0107 \u0142atwo usuni\u0119te.<\/p><p>W przypadku opon, rolek i k\u00f3\u0142 wystarcz\u0105 zaledwie trzy obroty, aby usun\u0105\u0107 do 80% przyczepnego brudu. Oznacza to, \u017ce jest on gromadzony w centralnym punkcie i nie jest rozprowadzany w ramach produkcji, co oznacza, \u017ce \u200b\u200bkoszty d\u0142ugoterminowego czyszczenia mo\u017cna znacznie zmniejszy\u0107 dzi\u0119ki wyd\u0142u\u017conym cyklom czyszczenia.<\/p>\t\t\t\t\t\t\t\t<\/div>\n\t\t\t\t<\/div>\n\t\t\t\t<div class=\"elementor-element elementor-element-642b4b1 elementor-align-left elementor-invisible elementor-widget elementor-widget-button\" data-id=\"642b4b1\" data-element_type=\"widget\" data-settings=\"{&quot;_animation&quot;:&quot;fadeInUp&quot;,&quot;_animation_delay&quot;:&quot;200&quot;}\" data-widget_type=\"button.default\">\n\t\t\t\t<div class=\"elementor-widget-container\">\n\t\t\t\t\t\t\t\t\t<div class=\"elementor-button-wrapper\">\n\t\t\t\t\t<a class=\"elementor-button elementor-button-link elementor-size-md elementor-animation-bounce-in\" href=\"\/system\/\">\n\t\t\t\t\t\t<span class=\"elementor-button-content-wrapper\">\n\t\t\t\t\t\t\t\t\t<span class=\"elementor-button-text\">Czytaj dalej<\/span>\n\t\t\t\t\t<\/span>\n\t\t\t\t\t<\/a>\n\t\t\t\t<\/div>\n\t\t\t\t\t\t\t\t<\/div>\n\t\t\t\t<\/div>\n\t\t\t\t\t<\/div>\n\t\t<\/div>\n\t\t\t\t\t<\/div>\n\t\t<\/section>\n\t\t\t\t<\/div>\n\t\t","protected":false},"excerpt":{"rendered":"<p>ProfilGate \u2013 czysto\u015b\u0107, kt\u00f3rej mo\u017cesz zaufa\u0107 Innowacyjna technologia. Aktywny system czyszcz\u0105cy System ProfilGate jest stosowany do redukcji ilo\u015bci kurzu osiadaj\u0105cego na produktach oraz minimalizacji zanieczyszcze\u0144 przenoszonych przez obuwie i w\u00f3zki transportowe do miejsc produkcji, magazyn\u00f3w czy pomieszcze\u0144 wymagaj\u0105cych wy\u017cszego poziomu czysto\u015bci. Czytaj dalej 15 letnie do\u015bwiadczenie doradztwo i monta\u017c Niezawodna czysto\u015b\u0107 z ProfilGate Czyszczenie na [&hellip;]<\/p>\n","protected":false},"author":1,"featured_media":0,"parent":0,"menu_order":0,"comment_status":"closed","ping_status":"closed","template":"","meta":{"inline_featured_image":false,"footnotes":""},"class_list":["post-344","page","type-page","status-publish","hentry","entry"],"_links":{"self":[{"href":"http:\/\/profil-gate.pl\/index.php?rest_route=\/wp\/v2\/pages\/344","targetHints":{"allow":["GET"]}}],"collection":[{"href":"http:\/\/profil-gate.pl\/index.php?rest_route=\/wp\/v2\/pages"}],"about":[{"href":"http:\/\/profil-gate.pl\/index.php?rest_route=\/wp\/v2\/types\/page"}],"author":[{"embeddable":true,"href":"http:\/\/profil-gate.pl\/index.php?rest_route=\/wp\/v2\/users\/1"}],"replies":[{"embeddable":true,"href":"http:\/\/profil-gate.pl\/index.php?rest_route=%2Fwp%2Fv2%2Fcomments&post=344"}],"version-history":[{"count":153,"href":"http:\/\/profil-gate.pl\/index.php?rest_route=\/wp\/v2\/pages\/344\/revisions"}],"predecessor-version":[{"id":1540,"href":"http:\/\/profil-gate.pl\/index.php?rest_route=\/wp\/v2\/pages\/344\/revisions\/1540"}],"wp:attachment":[{"href":"http:\/\/profil-gate.pl\/index.php?rest_route=%2Fwp%2Fv2%2Fmedia&parent=344"}],"curies":[{"name":"wp","href":"https:\/\/api.w.org\/{rel}","templated":true}]}}